{"id":9,"date":"2019-03-27T09:50:57","date_gmt":"2019-03-27T08:50:57","guid":{"rendered":"http:\/\/www.bditalianaaccessori.com\/?page_id=9"},"modified":"2025-06-24T10:17:06","modified_gmt":"2025-06-24T08:17:06","slug":"chi-siamo","status":"publish","type":"page","link":"https:\/\/www.bditalianaaccessori.com\/?page_id=9","title":{"rendered":"Chi siamo"},"content":{"rendered":"\t\t<div data-elementor-type=\"wp-page\" data-elementor-id=\"9\" class=\"elementor elementor-9\">\n\t\t\t\t\t\t<section class=\"elementor-section elementor-top-section elementor-element elementor-element-411e0086 elementor-section-boxed elementor-section-height-default elementor-section-height-default\" data-id=\"411e0086\" data-element_type=\"section\">\n\t\t\t\t\t\t<div class=\"elementor-container elementor-column-gap-default\">\n\t\t\t\t\t<div class=\"elementor-column elementor-col-100 elementor-top-column elementor-element elementor-element-3d55481a\" data-id=\"3d55481a\" data-element_type=\"column\">\n\t\t\t<div class=\"elementor-widget-wrap elementor-element-populated\">\n\t\t\t\t\t\t<div class=\"elementor-element elementor-element-6717b28 elementor-widget elementor-widget-text-editor\" data-id=\"6717b28\" data-element_type=\"widget\" data-widget_type=\"text-editor.default\">\n\t\t\t\t<div class=\"elementor-widget-container\">\n\t\t\t<style>\/*! elementor - v3.21.0 - 26-05-2024 *\/\n.elementor-widget-text-editor.elementor-drop-cap-view-stacked .elementor-drop-cap{background-color:#69727d;color:#fff}.elementor-widget-text-editor.elementor-drop-cap-view-framed .elementor-drop-cap{color:#69727d;border:3px solid;background-color:transparent}.elementor-widget-text-editor:not(.elementor-drop-cap-view-default) .elementor-drop-cap{margin-top:8px}.elementor-widget-text-editor:not(.elementor-drop-cap-view-default) .elementor-drop-cap-letter{width:1em;height:1em}.elementor-widget-text-editor .elementor-drop-cap{float:left;text-align:center;line-height:1;font-size:50px}.elementor-widget-text-editor .elementor-drop-cap-letter{display:inline-block}<\/style>\t\t\t\t<p>La nostra azienda \u00e8 caratterizzata dalla passione di ricerca e sviluppo di linee sempre nuove, da importanti e costanti investimenti sia sui macchinari che sulle competenze e la preparazione dei nostri collaboratori. Questo nostro continuo desiderio di innovazione sia stilistico che tecnologico ci ha permesso di far continuare una realt\u00e0 fatta soprattutto di manualit\u00e0, accompagnandola alle tecnologie pi\u00f9 evolute con l\u2019utilizzo di materiali sempre nuovi.<\/p>\n<p>I grandi Brand della moda che si rivolgono a noi cercano proprio questo connubio unito ad un servizio professionale e personalizzato. Siamo in grado di trasformare i loro disegni, le loro idee in oggetti concreti. Diamo loro l\u2019unicit\u00e0 del loro stile unito alla nostra manualit\u00e0 italiana riconosciuta in tutto il mondo.<\/p>\n<p>Lavoriamo svariati materiali come ottone, argento, pietre, polimeri, smalti\u2026 ed ognuno di essi ha bisogno di attente e specifiche capacit\u00e0 per ogni fase di lavorazione. Tutti i passaggi necessari alla realizzazione di ogni singolo oggetto sono fatti internamente, nei nostri laboratori, tutelando cos\u00ec ancor di pi\u00f9 l\u2019esclusivit\u00e0 e unicit\u00e0 dell\u2019oggetto finale.<\/p>\n<p>Siamo in grado di proporre una vasta gamma di articoli che fanno parte del nostro campionario che conta pi\u00f9 di 14500 modelli unici, offerta in continuo ampliamento.<\/p>\n<p>I nostri sforzi negli investimenti umani e tecnologici sono volti ad offrire dinamicit\u00e0 nell\u2019offerta per incontrare il pi\u00f9 possibile le esigenze dei nostri clienti e per rendere durevoli le nostre collaborazioni.<\/p>\t\t\t\t\t\t<\/div>\n\t\t\t\t<\/div>\n\t\t\t\t\t<\/div>\n\t\t<\/div>\n\t\t\t\t\t<\/div>\n\t\t<\/section>\n\t\t\t\t<section class=\"elementor-section elementor-top-section elementor-element elementor-element-696d12e elementor-section-boxed elementor-section-height-default elementor-section-height-default\" data-id=\"696d12e\" data-element_type=\"section\">\n\t\t\t\t\t\t<div class=\"elementor-container elementor-column-gap-default\">\n\t\t\t\t\t<div class=\"elementor-column elementor-col-100 elementor-top-column elementor-element elementor-element-4d76413\" data-id=\"4d76413\" data-element_type=\"column\">\n\t\t\t<div class=\"elementor-widget-wrap elementor-element-populated\">\n\t\t\t\t\t\t<div class=\"elementor-element elementor-element-7ef329d elementor-widget elementor-widget-video\" data-id=\"7ef329d\" data-element_type=\"widget\" data-settings=\"{&quot;video_type&quot;:&quot;vimeo&quot;,&quot;autoplay&quot;:&quot;yes&quot;,&quot;mute&quot;:&quot;yes&quot;,&quot;loop&quot;:&quot;yes&quot;,&quot;yt_privacy&quot;:&quot;yes&quot;}\" data-widget_type=\"video.default\">\n\t\t\t\t<div class=\"elementor-widget-container\">\n\t\t\t<style>\/*! elementor - v3.21.0 - 26-05-2024 *\/\n.elementor-widget-video .elementor-widget-container{overflow:hidden;transform:translateZ(0)}.elementor-widget-video .elementor-wrapper{aspect-ratio:var(--video-aspect-ratio)}.elementor-widget-video .elementor-wrapper iframe,.elementor-widget-video .elementor-wrapper video{height:100%;width:100%;display:flex;border:none;background-color:#000}@supports not (aspect-ratio:1\/1){.elementor-widget-video .elementor-wrapper{position:relative;overflow:hidden;height:0;padding-bottom:calc(100% \/ var(--video-aspect-ratio))}.elementor-widget-video .elementor-wrapper iframe,.elementor-widget-video .elementor-wrapper video{position:absolute;top:0;right:0;bottom:0;left:0}}.elementor-widget-video .elementor-open-inline .elementor-custom-embed-image-overlay{position:absolute;top:0;right:0;bottom:0;left:0;background-size:cover;background-position:50%}.elementor-widget-video .elementor-custom-embed-image-overlay{cursor:pointer;text-align:center}.elementor-widget-video .elementor-custom-embed-image-overlay:hover .elementor-custom-embed-play i{opacity:1}.elementor-widget-video .elementor-custom-embed-image-overlay img{display:block;width:100%;aspect-ratio:var(--video-aspect-ratio);-o-object-fit:cover;object-fit:cover;-o-object-position:center center;object-position:center center}@supports not (aspect-ratio:1\/1){.elementor-widget-video .elementor-custom-embed-image-overlay{position:relative;overflow:hidden;height:0;padding-bottom:calc(100% \/ var(--video-aspect-ratio))}.elementor-widget-video .elementor-custom-embed-image-overlay img{position:absolute;top:0;right:0;bottom:0;left:0}}.elementor-widget-video .e-hosted-video .elementor-video{-o-object-fit:cover;object-fit:cover}.e-con-inner>.elementor-widget-video,.e-con>.elementor-widget-video{width:var(--container-widget-width);--flex-grow:var(--container-widget-flex-grow)}<\/style>\t\t<div class=\"elementor-wrapper elementor-open-inline\">\n\t\t\t<iframe class=\"elementor-video-iframe\" allowfullscreen allow=\"clipboard-write\" title=\"vimeo Video Player\" src=\"https:\/\/player.vimeo.com\/video\/823280961?autoplay=1&amp;color&amp;autopause=0&amp;dnt=true&amp;loop=1&amp;muted=1&amp;title=1&amp;portrait=1&amp;byline=1&amp;h=cce755bcec#t=\"><\/iframe>\t\t<\/div>\n\t\t\t\t<\/div>\n\t\t\t\t<\/div>\n\t\t\t\t\t<\/div>\n\t\t<\/div>\n\t\t\t\t\t<\/div>\n\t\t<\/section>\n\t\t\t\t<\/div>\n\t\t","protected":false},"excerpt":{"rendered":"<p>La nostra azienda \u00e8 caratterizzata dalla passione di ricerca e sviluppo di linee sempre nuove, da importanti e costanti investimenti sia sui macchinari che sulle competenze e la preparazione dei nostri collaboratori. Questo nostro continuo desiderio di innovazione sia stilistico che tecnologico ci ha permesso di far continuare una realt\u00e0 fatta soprattutto di manualit\u00e0, accompagnandola &hellip; <\/p>\n<p class=\"link-more\"><a href=\"https:\/\/www.bditalianaaccessori.com\/?page_id=9\" class=\"more-link\">Leggi tutto<span class=\"screen-reader-text\"> &#8220;Chi siamo&#8221;<\/span><\/a><\/p>\n","protected":false},"author":1,"featured_media":0,"parent":0,"menu_order":0,"comment_status":"closed","ping_status":"closed","template":"","meta":{"footnotes":""},"_links":{"self":[{"href":"https:\/\/www.bditalianaaccessori.com\/index.php?rest_route=\/wp\/v2\/pages\/9"}],"collection":[{"href":"https:\/\/www.bditalianaaccessori.com\/index.php?rest_route=\/wp\/v2\/pages"}],"about":[{"href":"https:\/\/www.bditalianaaccessori.com\/index.php?rest_route=\/wp\/v2\/types\/page"}],"author":[{"embeddable":true,"href":"https:\/\/www.bditalianaaccessori.com\/index.php?rest_route=\/wp\/v2\/users\/1"}],"replies":[{"embeddable":true,"href":"https:\/\/www.bditalianaaccessori.com\/index.php?rest_route=%2Fwp%2Fv2%2Fcomments&post=9"}],"version-history":[{"count":19,"href":"https:\/\/www.bditalianaaccessori.com\/index.php?rest_route=\/wp\/v2\/pages\/9\/revisions"}],"predecessor-version":[{"id":739,"href":"https:\/\/www.bditalianaaccessori.com\/index.php?rest_route=\/wp\/v2\/pages\/9\/revisions\/739"}],"wp:attachment":[{"href":"https:\/\/www.bditalianaaccessori.com\/index.php?rest_route=%2Fwp%2Fv2%2Fmedia&parent=9"}],"curies":[{"name":"wp","href":"https:\/\/api.w.org\/{rel}","templated":true}]}}